{"id":30,"date":"2020-03-04T13:11:14","date_gmt":"2020-03-04T12:11:14","guid":{"rendered":"http:\/\/test.thalhof.net\/?page_id=30"},"modified":"2022-04-19T06:31:47","modified_gmt":"2022-04-19T05:31:47","slug":"unser-hof","status":"publish","type":"page","link":"https:\/\/scheran.thalhof.net\/index.php\/unser-hof\/","title":{"rendered":"Gefl\u00fcgel Scheran"},"content":{"rendered":"\n<p>Seit den 50iger Jahren versorgt der Gefl\u00fcgelhof Scheran Osttirol, mit K\u00fcken und Junghennen. Daf\u00fcr wurde in der K\u00e4rntner Stra\u00dfe ein Gefl\u00fcgelhof mit eigener Brutanstalt errichtet. Durch die immer gr\u00f6\u00dfer werdende Nachfrage nach legefertigen Hennen, ging Herr Scheran in den 80iger Jahren mit uns, der Familie Reichhold, vlg. Thalhof aus St. Georgen am L\u00e4ngsee, eine Partnerschaft ein. Als Herr Scheran 1981 in Pension ging, \u00fcbernahmen wir den Gefl\u00fcgel Scheran und beliefern jetzt seit \u00fcber 40 Jahren viele Bauern und private Gefl\u00fcgelhalter mit Junghennen, K\u00fcken, Puten und vieles mehr im ganzen Bezirk.<\/p>\n\n\n\n<p>Gefl\u00fcgel Scheran &#8211; Gefl\u00fcgelhof Thalhof &#8211; eine Partnerschaft seit \u00fcber 40ig Jahren<\/p>\n\n\n\n<p>Wir sind ein familiengef\u00fchrter, landwirtschaftlicher Betrieb, der sich seit nahezu 100 Jahren mit H\u00fchnern besch\u00e4ftigt. Jetzt in der 4ten \u201eGefl\u00fcgel \u2013 Generation\u201c sind wir der f\u00fchrende Anbieter von Junghennen, K\u00fcken, Puten und alternativen Gefl\u00fcgel in Osttirol und K\u00e4rnten. Neben den Junghennen, betreiben wir unsere Landwirtschaft, halten selbst auch Legehennen und betreiben einen Hofladen.<\/p>\n\n\n\n<p>Was zeichnet uns aus!<\/p>\n\n\n\n<p>Wir leben und arbeiten seit Generationen mit H\u00fchnern. Als Meisterbetrieb der Gefl\u00fcgelwirtschaft und als Jahrzehnte lange Praktiker haben wir hier umfassendes Know How aufgebaut. Wir waren z.B. auch einer der ersten Betriebe, die die jetzt so popul\u00e4ren gr\u00fcnlegenden H\u00fchner eingef\u00fchrt haben.<\/p>\n\n\n\n<p>Jetzt wollen wir noch n\u00e4her bei Ihnen sein! Mit der Raiffeisen Genossenschaft Osttirol haben wir einen Partner gefunden, bei dem wir drei Abgabestellen in Lienz, Matrei und Sillian anbieten k\u00f6nnen. Der traditionelle Standort in der K\u00e4rntnerstra\u00dfe wurde aufgelassen.<\/p>\n\n\n\n<p>Ich danke Ihnen f\u00fcr Ihr jahrzehntelanges Vertrauen und w\u00fcnsche Ihnen alles Gute,<\/p>\n\n\n\n<p>Ihr Adrian Reichhold<br>Gefl\u00fcgelmeister<\/p>\n","protected":false},"excerpt":{"rendered":"<p>Seit den 50iger Jahren versorgt der Gefl\u00fcgelhof Scheran Osttirol, mit K\u00fcken und Junghennen. Daf\u00fcr wurde in der K\u00e4rntner Stra\u00dfe ein Gefl\u00fcgelhof mit eigener Brutanstalt errichtet. Durch die immer gr\u00f6\u00dfer werdende Nachfrage nach legefertigen Hennen, ging Herr Scheran in den 80iger Jahren mit uns, der Familie Reichhold, vlg. Thalhof aus St. Georgen am L\u00e4ngsee, eine Partnerschaft&hellip;&nbsp;<a href=\"https:\/\/scheran.thalhof.net\/index.php\/unser-hof\/\" class=\"\" rel=\"bookmark\">Weiterlesen &raquo;<span class=\"screen-reader-text\">Gefl\u00fcgel Scheran<\/span><\/a><\/p>\n","protected":false},"author":1,"featured_media":0,"parent":0,"menu_order":2,"comment_status":"closed","ping_status":"closed","template":"","meta":[],"_links":{"self":[{"href":"https:\/\/scheran.thalhof.net\/index.php\/wp-json\/wp\/v2\/pages\/30"}],"collection":[{"href":"https:\/\/scheran.thalhof.net\/index.php\/wp-json\/wp\/v2\/pages"}],"about":[{"href":"https:\/\/scheran.thalhof.net\/index.php\/wp-json\/wp\/v2\/types\/page"}],"author":[{"embeddable":true,"href":"https:\/\/scheran.thalhof.net\/index.php\/wp-json\/wp\/v2\/users\/1"}],"replies":[{"embeddable":true,"href":"https:\/\/scheran.thalhof.net\/index.php\/wp-json\/wp\/v2\/comments?post=30"}],"version-history":[{"count":6,"href":"https:\/\/scheran.thalhof.net\/index.php\/wp-json\/wp\/v2\/pages\/30\/revisions"}],"predecessor-version":[{"id":316,"href":"https:\/\/scheran.thalhof.net\/index.php\/wp-json\/wp\/v2\/pages\/30\/revisions\/316"}],"wp:attachment":[{"href":"https:\/\/scheran.thalhof.net\/index.php\/wp-json\/wp\/v2\/media?parent=30"}],"curies":[{"name":"wp","href":"https:\/\/api.w.org\/{rel}","templated":true}]}}