{"id":34,"date":"2020-03-04T13:12:55","date_gmt":"2020-03-04T12:12:55","guid":{"rendered":"http:\/\/test.thalhof.net\/?page_id=34"},"modified":"2026-01-17T11:33:54","modified_gmt":"2026-01-17T10:33:54","slug":"termine","status":"publish","type":"page","link":"https:\/\/scheran.thalhof.net\/index.php\/termine\/","title":{"rendered":"Termine"},"content":{"rendered":"\n<p><\/p>\n\n\n\n<p class=\"has-neve-link-hover-color-color has-text-color\"><\/p>\n\n\n\n<h2 class=\"wp-block-heading\">RGO Bau- und Gartenmarkt Lienz<\/h2>\n\n\n\n<p>F.W. Raiffeisenstra\u00dfe 2, 9900 Lienz<br>jeden 2ten<strong>Donnerstag<\/strong> (gerade Woche), Mai und Juni jede Woche<\/p>\n\n\n\n<p><mark style=\"background-color:rgba(0, 0, 0, 0)\" class=\"has-inline-color has-neve-link-hover-color-color\"><strong>11:30 &#8211; 13:30 Uhr<\/strong><\/mark> <br>Termine: 19.02., 05.03., 19.03., 02.04., 16.04., 23.04., 30.04., 07.05., Mi 13.05., 21.05., 28.05., Mi 03.06., 11.06., 18.06., 25.06., 09.07., 23.07., 06.08., 20.08., 03.09., 17.09., 01.10., 15.10., 29.10., 12.11.<\/p>\n\n\n\n<h2>RGO Bau- und Gartenmarkt Sillian<\/h2>\n\n\n\n<p>Bahnhofstra\u00dfe 153, 9920 Sillian<br><br><strong><mark style=\"background-color:rgba(0, 0, 0, 0)\" class=\"has-inline-color has-neve-link-hover-color-color\">von 14:00 &#8211; 14:30<\/mark><\/strong><br><\/p>\n\n\n\n<p><em>Termine: Donnerstag den 19.02., 19.03., 16.04., 13.05., 11.06., 25.06., 23.07., 20.08., 17.09. und 15.10<\/em><\/p>\n\n\n\n<h2>RGO Bau- und Gartenmarkt Matrei<\/h2>\n\n\n\n<p>Selbas 20, 9971 Matrei in Osttirol<br><br><strong>von 14:00 bis 14:30<\/strong><br><\/p>\n\n\n\n<p><em>Termine: Donnerstag den <em><em><em><em>05.03., 02.04., 07.05., Mi 03.06., 09.07., 06.08., 03.09., 01.10. und 29.10.<\/em><\/em><\/em><\/em><\/em><br><\/p>\n\n\n\n<h2>Lesach- und Gailtal<\/h2>\n\n\n\n<p>Wir fahren auch durch das Lesach- und Gailtal. Richtzeiten: Obertilliach 15:15, St. Lorenzen 15:40, K\u00f6tschach Mauthen Wenn Sie hier Ihre H\u00fchner holen wollen, bitte Termin vereinbaren.<\/p>\n\n\n\n<p><em>Termine: <em>Donnerstag den <em>19.03., 16.04., 13.05., 11.06., 25.06., 23.07., 20.08., 17.<\/em><\/em><\/em>09<\/p>\n\n\n\n<h2>Drautal<\/h2>\n\n\n\n<p>Wir beliefern 14t\u00e4gig das Drau- und M\u00f6lltal. Hier haben wir in den gr\u00f6\u00dferen<br>Orten bei Bedarf Abgabestellen. Bitte rufen Sie uns an oder schreiben uns ein e-mail (<a href=\"http:\/\/test.thalhof.net\/index.php\/kontakt\/\" data-type=\"page\" data-id=\"36\">Kontakt<\/a>).<\/p>\n\n\n\n<h2>M\u00f6lltal<\/h2>\n\n\n\n<p>Wir fahren auch durch das Lesach- und Gailtal. Richtzeiten: Winklern 16:00, Stall 16:30, Flattach 16:45, Obervellach 17:00<\/p>\n\n\n\n<p><em>Termine: <em>Donnerstag den <em><em>05.03., 02.04.,23.4., 07.05., 21.5., Mi 03.06., 18.06., 09.07., 06.08., 03.09., 01.10., 29.10.<\/em><\/em><\/em><\/em><\/p>\n\n\n\n<p><br><\/p>\n","protected":false},"excerpt":{"rendered":"<p>RGO Bau- und Gartenmarkt Lienz F.W. Raiffeisenstra\u00dfe 2, 9900 Lienzjeden 2tenDonnerstag (gerade Woche), Mai und Juni jede Woche 11:30 &#8211; 13:30 Uhr Termine: 19.02., 05.03., 19.03., 02.04., 16.04., 23.04., 30.04., 07.05., Mi 13.05., 21.05., 28.05., Mi 03.06., 11.06., 18.06., 25.06., 09.07., 23.07., 06.08., 20.08., 03.09., 17.09., 01.10., 15.10., 29.10., 12.11. RGO Bau- und Gartenmarkt Sillian&hellip;&nbsp;<a href=\"https:\/\/scheran.thalhof.net\/index.php\/termine\/\" class=\"\" rel=\"bookmark\">Weiterlesen &raquo;<span class=\"screen-reader-text\">Termine<\/span><\/a><\/p>\n","protected":false},"author":1,"featured_media":0,"parent":0,"menu_order":4,"comment_status":"closed","ping_status":"closed","template":"","meta":[],"_links":{"self":[{"href":"https:\/\/scheran.thalhof.net\/index.php\/wp-json\/wp\/v2\/pages\/34"}],"collection":[{"href":"https:\/\/scheran.thalhof.net\/index.php\/wp-json\/wp\/v2\/pages"}],"about":[{"href":"https:\/\/scheran.thalhof.net\/index.php\/wp-json\/wp\/v2\/types\/page"}],"author":[{"embeddable":true,"href":"https:\/\/scheran.thalhof.net\/index.php\/wp-json\/wp\/v2\/users\/1"}],"replies":[{"embeddable":true,"href":"https:\/\/scheran.thalhof.net\/index.php\/wp-json\/wp\/v2\/comments?post=34"}],"version-history":[{"count":31,"href":"https:\/\/scheran.thalhof.net\/index.php\/wp-json\/wp\/v2\/pages\/34\/revisions"}],"predecessor-version":[{"id":354,"href":"https:\/\/scheran.thalhof.net\/index.php\/wp-json\/wp\/v2\/pages\/34\/revisions\/354"}],"wp:attachment":[{"href":"https:\/\/scheran.thalhof.net\/index.php\/wp-json\/wp\/v2\/media?parent=34"}],"curies":[{"name":"wp","href":"https:\/\/api.w.org\/{rel}","templated":true}]}}