{"id":36,"date":"2020-03-04T13:13:14","date_gmt":"2020-03-04T12:13:14","guid":{"rendered":"http:\/\/test.thalhof.net\/?page_id=36"},"modified":"2022-04-03T08:57:48","modified_gmt":"2022-04-03T07:57:48","slug":"kontakt","status":"publish","type":"page","link":"https:\/\/scheran.thalhof.net\/index.php\/kontakt\/","title":{"rendered":"Kontakt"},"content":{"rendered":"\n<p><br><strong>Gefl\u00fcgel Scheran<\/strong><br>Tel.: 0664 510 72 19<br> oder 04852 65484<br>oder  04213 2047<br>e-mail: office@thalhof.net<\/p>\n\n\n\n<p id=\"Zustellung-\">Unser Gefl\u00fcgelverkauf beginnt in der Regel Ende J\u00e4nner und endet Ende November. <\/p>\n\n\n\n<p>Gefl\u00fcgel Scheran<br>Anni B\u00e4uerliche Vermarktungs und Gefl\u00fcgel GmbH<br>Thalsdorf 6<br>9314 Launsdorf<\/p>\n","protected":false},"excerpt":{"rendered":"<p>Gefl\u00fcgel ScheranTel.: 0664 510 72 19 oder 04852 65484oder 04213 2047e-mail: office@thalhof.net Unser Gefl\u00fcgelverkauf beginnt in der Regel Ende J\u00e4nner und endet Ende November. Gefl\u00fcgel ScheranAnni B\u00e4uerliche Vermarktungs und Gefl\u00fcgel GmbHThalsdorf 69314 Launsdorf<\/p>\n","protected":false},"author":1,"featured_media":0,"parent":0,"menu_order":4,"comment_status":"closed","ping_status":"closed","template":"","meta":[],"_links":{"self":[{"href":"https:\/\/scheran.thalhof.net\/index.php\/wp-json\/wp\/v2\/pages\/36"}],"collection":[{"href":"https:\/\/scheran.thalhof.net\/index.php\/wp-json\/wp\/v2\/pages"}],"about":[{"href":"https:\/\/scheran.thalhof.net\/index.php\/wp-json\/wp\/v2\/types\/page"}],"author":[{"embeddable":true,"href":"https:\/\/scheran.thalhof.net\/index.php\/wp-json\/wp\/v2\/users\/1"}],"replies":[{"embeddable":true,"href":"https:\/\/scheran.thalhof.net\/index.php\/wp-json\/wp\/v2\/comments?post=36"}],"version-history":[{"count":7,"href":"https:\/\/scheran.thalhof.net\/index.php\/wp-json\/wp\/v2\/pages\/36\/revisions"}],"predecessor-version":[{"id":300,"href":"https:\/\/scheran.thalhof.net\/index.php\/wp-json\/wp\/v2\/pages\/36\/revisions\/300"}],"wp:attachment":[{"href":"https:\/\/scheran.thalhof.net\/index.php\/wp-json\/wp\/v2\/media?parent=36"}],"curies":[{"name":"wp","href":"https:\/\/api.w.org\/{rel}","templated":true}]}}